{"id":1108,"date":"2021-05-24T12:42:18","date_gmt":"2021-05-24T12:42:18","guid":{"rendered":"https:\/\/pathsoft.kovalweb.com\/?page_id=1108"},"modified":"2021-07-07T12:12:42","modified_gmt":"2021-07-07T10:12:42","slug":"about-us","status":"publish","type":"page","link":"https:\/\/testbackup.kinesys.ch\/en\/about-us\/","title":{"rendered":"About us"},"content":{"rendered":"<div data-elementor-type=\"wp-page\" data-elementor-id=\"1108\" class=\"elementor elementor-1108\">\n\t\t\t\t\t\t<section class=\"elementor-section elementor-top-section elementor-element elementor-element-1f1c0426 elementor-section-boxed elementor-section-height-default elementor-section-height-default\" data-id=\"1f1c0426\" data-element_type=\"section\" data-e-type=\"section\">\n\t\t\t\t\t\t<div class=\"elementor-container elementor-column-gap-default\">\n\t\t\t\t\t<div class=\"elementor-column elementor-col-100 elementor-top-column elementor-element elementor-element-436a651c\" data-id=\"436a651c\" data-element_type=\"column\" data-e-type=\"column\">\n\t\t\t<div class=\"elementor-widget-wrap elementor-element-populated\">\n\t\t\t\t\t\t<div class=\"elementor-element elementor-element-334cc95e elementor-widget elementor-widget-text-editor\" data-id=\"334cc95e\" data-element_type=\"widget\" data-e-type=\"widget\" data-widget_type=\"text-editor.default\">\n\t\t\t\t<div class=\"elementor-widget-container\">\n\t\t\t\t\t\t\t\t\t\n<h2 class=\"wp-block-heading\">RELIABILITY, PARTNERSHIP AND TRANSPARENCY<\/h2>\n\n<p>These characteristics, which are important for us, form the basis for our business activities.\u00a0Information technology, communication and corporate services for banks, small and medium-sized enterprises are our tasks.\u00a0<\/p>\n\n<p>We take over the set-up and maintenance of the entire IT infrastructure and advise our clients on the choice of hardware and software. Our aim is to ensure that our clients can rely one hundred percent on efficient and cost-effective services in the IT and corporate service areas, allowing them to concentrate on their own core business. We take care of all corporate service tasks, including the set-up and maintenance of your premises, your transport needs, the operation of your internal and external mail, your warehouse management and archiving. Where desired and appropriate, we optimise corporate service needs with modern technology.<\/p>\n\n<h3 class=\"wp-block-heading\">BUILDING TRUST AND MAINTAINING TRUST<\/h3>\n\n<p>This applies to the relationship with our customers and business partners as well as to the way we deal with each other. We offer our customers comprehensive, integrated advice, from conception to installation and maintenance.<\/p>\n\n<p>For both simple and complex services. Kinesys specializes in the provision of IT services and corporate services for SMEs. In order to be able to take over all IT and corporate service tasks for these companies, we have built up our core competencies with a group of employees who focus specifically on customer needs and quality in IT and corporate service. Banks and asset management companies are an important customer segment for us. The highest levels of security and reliability are therefore among our core characteristics.<br \/>We work as a team of specialists and all-rounders in a friendly environment. Consulting, planning and implementation are carried out by us or - depending on the mandate - by consulted specialists. We carry out maintenance according to your individual requirements, in close and regular cooperation with you or only when necessary to provide assistance with special problems.<\/p>\n\n<h3 class=\"wp-block-heading\">KINESYS \u2013 EIN UNTERNEHMEN ZUM ANFASSEN<\/h3>\n\n<p>For us, proximity to our customers is a prerequisite for mutually beneficial cooperation. The core of our group consists of qualified employees.<\/p>\n\n<p>We have assembled this team to enable an international bank to obtain all IT services from a single source.<br \/>National and international customers have since used the services of Kinesys.\u00a0<br \/>In den letzten Jahren konnten wir unsere Kundenbasis und unsere personelle Kapazit\u00e4t stark ausbauen. Kinesys ist heute ein von den einzelnen Lieferanten v\u00f6llig unabh\u00e4ngiges Unternehen, das vor allem in qualitativer Hinsicht, mit Mitarbeitern, die sich mit unserem Unternehmensziel identifizieren, weiterwachsen will.\u00a0Neben den klassischen IT-Dienstleistungen \u00fcbernehmen wir seit l\u00e4ngerer Zeit f\u00fcr einige unserer Kunden auch T\u00e4tigkeiten in Bereichen des <>. Diese umfassen sowohl Projektarbeiten als auch die laufende Betreuung \/ Betreibung der Dienste.<br \/>We try to integrate as much as possible the work that our clients do not consider to be part of their core competence into our support work. This enables our clients to concentrate on what is essential for them and at the same time minimise the number of external service providers.\u00a0<\/p>\n\n<h3 class=\"wp-block-heading\">DIFFERENT, INDIVIDUAL STRENGTHS<\/h3>\n\n<p>Our entrepreneurial success is based on a high level of identification with customer needs, on the quality of our services and on efficient project management.<\/p>\n\n<p>The operational management of Kinesys pursues the goal of establishing the company as a healthy and long-term stable enterprise in the market.\u00a0This goal can only be achieved thanks to the high motivation of our employees. They should feel comfortable at Kinesys. We create ideal conditions for them, a pleasant working atmosphere and offer them the necessary freedom to act on their own responsibility. Kinesys supports the professional and personal development of its employees.<\/p>\n\t\t\t\t\t\t\t\t<\/div>\n\t\t\t\t<\/div>\n\t\t\t\t\t<\/div>\n\t\t<\/div>\n\t\t\t\t\t<\/div>\n\t\t<\/section>\n\t\t\t\t<div class=\"elementor-section elementor-top-section elementor-element elementor-element-bbd9fb8 #partner-section elementor-section-boxed elementor-section-height-default elementor-section-height-default\" data-id=\"bbd9fb8\" data-element_type=\"section\" data-e-type=\"section\" id=\"#partner-section\">\n\t\t\t\t\t\t<div class=\"elementor-container elementor-column-gap-default\">\n\t\t\t\t\t<div class=\"elementor-column elementor-col-100 elementor-top-column elementor-element elementor-element-04059f8\" data-id=\"04059f8\" data-element_type=\"column\" data-e-type=\"column\" id=\"partner-section\">\n\t\t\t<div class=\"elementor-widget-wrap\">\n\t\t\t\t\t\t\t<\/div>\n\t\t<\/div>\n\t\t\t\t\t<\/div>\n\t\t<\/div>\n\t\t\t\t<\/div>","protected":false},"excerpt":{"rendered":"<p>ZUVERL\u00c4SSIGKEIT, PARTNERSCHAFT UND TRANSPARENZ Diese f\u00fcr uns wichtige Eigenschaften bilden die Grundlage f\u00fcr unsere gesch\u00e4ftliche T\u00e4tigkeit.\u00a0Informatik, Kommunikation sowie Corporate Services f\u00fcr Banken, kleine und mittelgrosse Unternehmen sind unsere Aufgaben.\u00a0 Wir \u00fcbernehmen den Aufbau und die Pflege der gesamten IT-Infrastruktur und beraten unsere Auftraggeber bei der Wahl von Hard- und Software. Unser Ziel ist, dass unsere<\/p>","protected":false},"author":1,"featured_media":1294,"parent":0,"menu_order":0,"comment_status":"closed","ping_status":"closed","template":"","meta":{"footnotes":""},"class_list":["post-1108","page","type-page","status-publish","has-post-thumbnail","hentry"],"_links":{"self":[{"href":"https:\/\/testbackup.kinesys.ch\/en\/wp-json\/wp\/v2\/pages\/1108","targetHints":{"allow":["GET"]}}],"collection":[{"href":"https:\/\/testbackup.kinesys.ch\/en\/wp-json\/wp\/v2\/pages"}],"about":[{"href":"https:\/\/testbackup.kinesys.ch\/en\/wp-json\/wp\/v2\/types\/page"}],"author":[{"embeddable":true,"href":"https:\/\/testbackup.kinesys.ch\/en\/wp-json\/wp\/v2\/users\/1"}],"replies":[{"embeddable":true,"href":"https:\/\/testbackup.kinesys.ch\/en\/wp-json\/wp\/v2\/comments?post=1108"}],"version-history":[{"count":25,"href":"https:\/\/testbackup.kinesys.ch\/en\/wp-json\/wp\/v2\/pages\/1108\/revisions"}],"predecessor-version":[{"id":3524,"href":"https:\/\/testbackup.kinesys.ch\/en\/wp-json\/wp\/v2\/pages\/1108\/revisions\/3524"}],"wp:featuredmedia":[{"embeddable":true,"href":"https:\/\/testbackup.kinesys.ch\/en\/wp-json\/wp\/v2\/media\/1294"}],"wp:attachment":[{"href":"https:\/\/testbackup.kinesys.ch\/en\/wp-json\/wp\/v2\/media?parent=1108"}],"curies":[{"name":"wp","href":"https:\/\/api.w.org\/{rel}","templated":true}]}}